{"id":8811,"date":"2018-11-13T11:50:33","date_gmt":"2018-11-13T11:50:33","guid":{"rendered":"https:\/\/www.kseal.com\/?page_id=8811"},"modified":"2018-12-05T10:03:55","modified_gmt":"2018-12-05T10:03:55","slug":"k-seal-ultimate","status":"publish","type":"page","link":"https:\/\/www.kseal.com\/de\/k-seal-ultimate","title":{"rendered":"K-Seal\u00ae ULTIMATE"},"content":{"rendered":"<div class=\"page\" title=\"Page 1\">\n<div class=\"section\">\n<div class=\"layoutArea\">\n<div class=\"column\">\n<h2 class=\"Body\">Einf\u00fcllen und weiterfahren &#8211; Sie k\u00f6nnen sich den teuren Einbau einer neuen Zylinderkopfdichtung sparen<\/h2>\n<\/div>\n<\/div>\n<\/div>\n<\/div>\n<p class=\"Body\">Unsere einzigartige Formel funktioniert mit allen wassergek\u00fchlten Motoren \u2013 es ist &#8220;nicht n\u00f6tig&#8221;, Ihre K\u00fchlfl\u00fcssigkeit abzulassen oder das K\u00fchlsystem vorher zu sp\u00fclen, wie bei einigen anderen Dichtmitteln. Es spielt keine Rolle, welche Art von Frostschutz oder K\u00fchlmittel im K\u00fchlsystem ist. Sch\u00fctteln Sie einfach die Flasche, gie\u00dfen Sie K-Seal ULTIMATE in Ihr K\u00fchlsystem, und Sie k\u00f6nnen gleich weiterfahren.<\/p>\n<p class=\"Body\">Eine einzige Flasche K-Seal ULTIMATE reicht aus, um undichte Kopf- Dichtungen und Risse in Zylinderk\u00f6pfen in Autos, SUVs und Kleinlastwagen zu verschlie\u00dfen. F\u00fcr gr\u00f6\u00dfere Motoren (z.B. LKW, etc.) einfach zwei Flaschen verwenden.<\/p>\n","protected":false},"excerpt":{"rendered":"<p>Einf\u00fcllen und weiterfahren &#8211; Sie k\u00f6nnen sich den teuren Einbau einer neuen Zylinderkopfdichtung sparen Unsere einzigartige Formel funktioniert mit allen wassergek\u00fchlten Motoren \u2013 es ist &#8220;nicht n\u00f6tig&#8221;, Ihre K\u00fchlfl\u00fcssigkeit abzulassen oder das K\u00fchlsystem vorher zu sp\u00fclen, wie bei einigen anderen Dichtmitteln. Es spielt keine Rolle, welche Art von Frostschutz oder K\u00fchlmittel im K\u00fchlsystem ist. Sch\u00fctteln<\/p>\n","protected":false},"author":3,"featured_media":21032,"parent":0,"menu_order":0,"comment_status":"closed","ping_status":"closed","template":"","meta":{"footnotes":""},"acf":[],"_links":{"self":[{"href":"https:\/\/www.kseal.com\/de\/wp-json\/wp\/v2\/pages\/8811"}],"collection":[{"href":"https:\/\/www.kseal.com\/de\/wp-json\/wp\/v2\/pages"}],"about":[{"href":"https:\/\/www.kseal.com\/de\/wp-json\/wp\/v2\/types\/page"}],"author":[{"embeddable":true,"href":"https:\/\/www.kseal.com\/de\/wp-json\/wp\/v2\/users\/3"}],"replies":[{"embeddable":true,"href":"https:\/\/www.kseal.com\/de\/wp-json\/wp\/v2\/comments?post=8811"}],"version-history":[{"count":2,"href":"https:\/\/www.kseal.com\/de\/wp-json\/wp\/v2\/pages\/8811\/revisions"}],"predecessor-version":[{"id":8940,"href":"https:\/\/www.kseal.com\/de\/wp-json\/wp\/v2\/pages\/8811\/revisions\/8940"}],"wp:featuredmedia":[{"embeddable":true,"href":"https:\/\/www.kseal.com\/de\/wp-json\/wp\/v2\/media\/21032"}],"wp:attachment":[{"href":"https:\/\/www.kseal.com\/de\/wp-json\/wp\/v2\/media?parent=8811"}],"curies":[{"name":"wp","href":"https:\/\/api.w.org\/{rel}","templated":true}]}}