{"id":8803,"date":"2018-11-13T11:18:24","date_gmt":"2018-11-13T11:18:24","guid":{"rendered":"https:\/\/www.kseal.com\/?page_id=8803"},"modified":"2018-11-13T11:18:24","modified_gmt":"2018-11-13T11:18:24","slug":"wie-wende-ich-k-seal","status":"publish","type":"page","link":"https:\/\/www.kseal.com\/de\/wie-wende-ich-k-seal","title":{"rendered":"Wie wende ich K-Seal an"},"content":{"rendered":"<h2>Anleitung<\/h2>\n<h3>1. Die Flasche kr\u00e4ftig sch\u00fctteln und den gesamten Inhalt in den K\u00fchler oder in den Zylinderkopf-\/Ausgleichsbeh\u00e4lter geben<\/h3>\n<p>Wenn Sie K-Seal in den K\u00fchler einf\u00fcllen, gie\u00dfen Sie bitte  nicht direkt auf den K\u00fchler Kern. K-Seal-Produkte sind mit allen Arten von Frostschutzmittel kompatibel und werden nicht, wie viele andere K\u00fchlerdichtmittel von den K\u00fchlmitteladdiven beeinflusst, die bereits im K\u00fchlsystem enthalten sein k\u00f6nnen. Kein vorheriges Entleeren notwendig.<\/p>\n<p>Dabei spielt es keine Rolle, ob Sie K-Seal-Produkte zu einem kalten oder hei\u00dfen Motor eingie\u00dfen. Sollte Ihr Motor warm sein, bitte aufpassen beim Einf\u00fcllen.<\/p>\n<p>Bei sehr kleinen K\u00fchlsystemen, wie z.b. bei Motorr\u00e4dern, sollten Sie nur die H\u00e4lfte der Flasche einf\u00fcllen. Bitte sch\u00fctteln Sie die Flache vorher, damit sich die Versiegelungsteilchen mit der Fl\u00fcssigkeit vermischen.<\/p>\n<h3>2. Bitte starten Sie den Motor bis dieser auf Betriebstemperatur ist.<\/h3>\n<p>Der schnellste Weg ist es, das Auto nach dem Starten normal zu fahren, bis es es auf Betriebstemperatur ist. Sie k\u00f6nnen aber auch den Motor im Leerlauf auf Betriebstemperatur bringen. Evt. auf die Temperaturanzeige schauen.<\/p>\n<h3>3. Sie k\u00f6nnen K-Seal im K\u00fchlsystem des Motors belassen.<\/h3>\n<p>Nachdem K-Seal das Leck repariert hat, m\u00fcssen Sie es nicht im System belassen, die Reparatur an der Stelle ist dauerhaft. Sie k\u00f6nnen entweder den Inhalt des K\u00fchlsystems auswechseln oder die K-Seal Fl\u00fcssigkeit im K\u00fchlsystem belassen. <\/p>\n","protected":false},"excerpt":{"rendered":"<p>Anleitung 1. Die Flasche kr\u00e4ftig sch\u00fctteln und den gesamten Inhalt in den K\u00fchler oder in den Zylinderkopf-\/Ausgleichsbeh\u00e4lter geben Wenn Sie K-Seal in den K\u00fchler einf\u00fcllen, gie\u00dfen Sie bitte nicht direkt auf den K\u00fchler Kern. K-Seal-Produkte sind mit allen Arten von Frostschutzmittel kompatibel und werden nicht, wie viele andere K\u00fchlerdichtmittel von den K\u00fchlmitteladdiven beeinflusst, die bereits<\/p>\n","protected":false},"author":3,"featured_media":0,"parent":0,"menu_order":0,"comment_status":"closed","ping_status":"closed","template":"","meta":{"footnotes":""},"acf":[],"_links":{"self":[{"href":"https:\/\/www.kseal.com\/de\/wp-json\/wp\/v2\/pages\/8803"}],"collection":[{"href":"https:\/\/www.kseal.com\/de\/wp-json\/wp\/v2\/pages"}],"about":[{"href":"https:\/\/www.kseal.com\/de\/wp-json\/wp\/v2\/types\/page"}],"author":[{"embeddable":true,"href":"https:\/\/www.kseal.com\/de\/wp-json\/wp\/v2\/users\/3"}],"replies":[{"embeddable":true,"href":"https:\/\/www.kseal.com\/de\/wp-json\/wp\/v2\/comments?post=8803"}],"version-history":[{"count":2,"href":"https:\/\/www.kseal.com\/de\/wp-json\/wp\/v2\/pages\/8803\/revisions"}],"predecessor-version":[{"id":8806,"href":"https:\/\/www.kseal.com\/de\/wp-json\/wp\/v2\/pages\/8803\/revisions\/8806"}],"wp:attachment":[{"href":"https:\/\/www.kseal.com\/de\/wp-json\/wp\/v2\/media?parent=8803"}],"curies":[{"name":"wp","href":"https:\/\/api.w.org\/{rel}","templated":true}]}}