{"id":8689,"date":"2018-11-13T10:48:47","date_gmt":"2018-11-13T10:48:47","guid":{"rendered":"https:\/\/www.kseal.com\/?page_id=8689"},"modified":"2025-10-06T10:31:01","modified_gmt":"2025-10-06T09:31:01","slug":"k-seal","status":"publish","type":"page","link":"https:\/\/www.kseal.com\/de\/k-seal","title":{"rendered":"K-Seal\u00ae"},"content":{"rendered":"<div class=\"page\" title=\"Page 1\">\n<div class=\"section\">\n<div class=\"layoutArea\">\n<div class=\"column\">\n<div class=\"page\" title=\"Page 1\">\n<div class=\"section\">\n<div class=\"layoutArea\">\n<div class=\"column\">\n<h2>Dauerhafte Leckreparatur mit K-Seal<\/h2>\n<\/div>\n<\/div>\n<\/div>\n<\/div>\n<p class=\"Body\">Lecks im K\u00fchler m\u00fcssen nicht zu kostspieligen Reparaturrechnungen f\u00fchren \u2013 einfach K-Seal in Ihr K\u00fchlmittelsystem hinzuf\u00fcgen, um eine schnelle und dauerhafte L\u00f6sung zu erzielen. K-Seal ist wissenschaftlich getestet, Millionen von Kunden vertrauen K-Seal weltweit. Der gr\u00f6\u00dfte Automobilclub AA in England verwendet exklusiv K-Seal f\u00fcr Lecks im Motorsystem.<\/p>\n<h3 class=\"Body\">einfach einf\u00fcllen und weiterfahren<\/h3>\n<p class=\"Body\">K-Seal kann wirklich jeder anwenden. Sch\u00fctteln Sie einfach die Flasche, f\u00fcgen Sie die Fl\u00fcssigkeit in Ihr K\u00fchlmittelsystem und starten Sie Ihren Motor wie gewohnt. Die K-Seal Fl\u00fcssigkeit mit der einzigartigen Formel sucht Lecks und Risse. Diese werden dauerhaft versiegelt, ohne dass sich dies nachteilig auf die Funktion ihrer Motork\u00fchlung auswirkt.<\/p>\n<\/div>\n<\/div>\n<\/div>\n<\/div>\n<p><!-- TrustBox script --><br \/>\n<script type=\"text\/javascript\" src=\"\/\/widget.trustpilot.com\/bootstrap\/v5\/tp.widget.bootstrap.min.js\" async><\/script><\/p>\n<p><!-- End TrustBox widget --><\/p>\n","protected":false},"excerpt":{"rendered":"<p>Dauerhafte Leckreparatur mit K-Seal Lecks im K\u00fchler m\u00fcssen nicht zu kostspieligen Reparaturrechnungen f\u00fchren \u2013 einfach K-Seal in Ihr K\u00fchlmittelsystem hinzuf\u00fcgen, um eine schnelle und dauerhafte L\u00f6sung zu erzielen. K-Seal ist wissenschaftlich getestet, Millionen von Kunden vertrauen K-Seal weltweit. Der gr\u00f6\u00dfte Automobilclub AA in England verwendet exklusiv K-Seal f\u00fcr Lecks im Motorsystem. einfach einf\u00fcllen und weiterfahren<\/p>\n","protected":false},"author":3,"featured_media":21020,"parent":0,"menu_order":1,"comment_status":"closed","ping_status":"closed","template":"","meta":{"footnotes":""},"acf":[],"_links":{"self":[{"href":"https:\/\/www.kseal.com\/de\/wp-json\/wp\/v2\/pages\/8689"}],"collection":[{"href":"https:\/\/www.kseal.com\/de\/wp-json\/wp\/v2\/pages"}],"about":[{"href":"https:\/\/www.kseal.com\/de\/wp-json\/wp\/v2\/types\/page"}],"author":[{"embeddable":true,"href":"https:\/\/www.kseal.com\/de\/wp-json\/wp\/v2\/users\/3"}],"replies":[{"embeddable":true,"href":"https:\/\/www.kseal.com\/de\/wp-json\/wp\/v2\/comments?post=8689"}],"version-history":[{"count":3,"href":"https:\/\/www.kseal.com\/de\/wp-json\/wp\/v2\/pages\/8689\/revisions"}],"predecessor-version":[{"id":20732,"href":"https:\/\/www.kseal.com\/de\/wp-json\/wp\/v2\/pages\/8689\/revisions\/20732"}],"wp:featuredmedia":[{"embeddable":true,"href":"https:\/\/www.kseal.com\/de\/wp-json\/wp\/v2\/media\/21020"}],"wp:attachment":[{"href":"https:\/\/www.kseal.com\/de\/wp-json\/wp\/v2\/media?parent=8689"}],"curies":[{"name":"wp","href":"https:\/\/api.w.org\/{rel}","templated":true}]}}