{"id":8684,"date":"2016-11-12T15:46:00","date_gmt":"2016-11-12T15:46:00","guid":{"rendered":"https:\/\/www.kseal.com\/?page_id=8684"},"modified":"2025-10-01T11:44:44","modified_gmt":"2025-10-01T10:44:44","slug":"16-2","status":"publish","type":"page","link":"https:\/\/www.kseal.com\/de\/16-2","title":{"rendered":"Sofort weiterfahren"},"content":{"rendered":"<h2>Sparen Sie Geld mit K-Seal<\/h2>\n<p>Keine Notwendigkeit, das System zu entleeren oder sich Sorgen dar\u00fcber zu machen, welche Art von Frostschutzmittel im K\u00fchlsystem ist; einfach nur sch\u00fctteln, eingie\u00dfen und weiterfahren!<\/p>\n<p>K-Seal ist ein einstufiges permanentes Mehrzwecksystem f\u00fcr die Reparatur von K\u00fchl- und Schmierstofflecks. Weltweit werden bis heute mehr als 6 Millionen Flaschen verkauft. Es repariert permanent Lecks in Kopf, Zylinderkopfdichtung, Motorblock, K\u00fchler, Heizungsmatrix, Froststopfen und Wasserpumpengeh\u00e4use.<\/p>\n<p>Kfz-Mechatroniker und Ingenieure vertrauen K-Seal. Es eignet sich f\u00fcr alle wassergek\u00fchlten Motoren, einschlie\u00dflich Autos, Motorr\u00e4der, Nutzfahrzeuge und schwere Maschinen.<\/p>\n<p><!-- TrustBox script --><br \/>\n<script type=\"text\/javascript\" src=\"\/\/widget.trustpilot.com\/bootstrap\/v5\/tp.widget.bootstrap.min.js\" async=\"\"><\/script><br \/>\n<!-- End Trustbox script --><!-- TrustBox widget - List --><\/p>\n<p><!-- End TrustBox widget --><\/p>\n","protected":false},"excerpt":{"rendered":"<p>Sparen Sie Geld mit K-Seal Keine Notwendigkeit, das System zu entleeren oder sich Sorgen dar\u00fcber zu machen, welche Art von Frostschutzmittel im K\u00fchlsystem ist; einfach nur sch\u00fctteln, eingie\u00dfen und weiterfahren! K-Seal ist ein einstufiges permanentes Mehrzwecksystem f\u00fcr die Reparatur von K\u00fchl- und Schmierstofflecks. Weltweit werden bis heute mehr als 6 Millionen Flaschen verkauft. Es repariert<\/p>\n","protected":false},"author":1,"featured_media":0,"parent":0,"menu_order":-1,"comment_status":"closed","ping_status":"closed","template":"","meta":{"footnotes":""},"acf":[],"_links":{"self":[{"href":"https:\/\/www.kseal.com\/de\/wp-json\/wp\/v2\/pages\/8684"}],"collection":[{"href":"https:\/\/www.kseal.com\/de\/wp-json\/wp\/v2\/pages"}],"about":[{"href":"https:\/\/www.kseal.com\/de\/wp-json\/wp\/v2\/types\/page"}],"author":[{"embeddable":true,"href":"https:\/\/www.kseal.com\/de\/wp-json\/wp\/v2\/users\/1"}],"replies":[{"embeddable":true,"href":"https:\/\/www.kseal.com\/de\/wp-json\/wp\/v2\/comments?post=8684"}],"version-history":[{"count":7,"href":"https:\/\/www.kseal.com\/de\/wp-json\/wp\/v2\/pages\/8684\/revisions"}],"predecessor-version":[{"id":20725,"href":"https:\/\/www.kseal.com\/de\/wp-json\/wp\/v2\/pages\/8684\/revisions\/20725"}],"wp:attachment":[{"href":"https:\/\/www.kseal.com\/de\/wp-json\/wp\/v2\/media?parent=8684"}],"curies":[{"name":"wp","href":"https:\/\/api.w.org\/{rel}","templated":true}]}}