{"id":8681,"date":"2018-10-23T14:33:39","date_gmt":"2018-10-23T13:33:39","guid":{"rendered":"https:\/\/www.kseal.com\/?page_id=8681"},"modified":"2018-12-05T10:08:47","modified_gmt":"2018-12-05T10:08:47","slug":"faqs","status":"publish","type":"page","link":"https:\/\/www.kseal.com\/de\/faqs","title":{"rendered":"H\u00e4ufig gestellte Fragen"},"content":{"rendered":"<h2>Ursachen<\/h2>\n<h3>Bei mir l\u00e4uft K\u00fchlmittel aus ins Motor\u00f6l. Kann K-Seal dieses Problem l\u00f6sen?<\/h3>\n<p>Damit K\u2011Seal effektiv arbeiten kann, muss unter einem gewissen Druck arbeiten. Dies kann extern oder intern (\u00fcber den Kopf zu den Zylindern) erfolgen. Es besteht eine geringe Chance, eine erfolgreiche Reparatur mit K\u2011Seal machen. Falls nicht, raten wir eine Werkstatt aufzusuchen.<\/p>\n<h3>Motor\u00f6l ist in das K\u00fchlsystem eingetreten. Kann K-Seal dies reparieren?<\/h3>\n<p>Nein. K-Seal repariert und verschlie\u00dft Lecks und Risse im K\u00fchlsystem und kann \u00d6l-Lecks nicht reparieren.<\/p>\n<h3>An meinem Kfz ist ein undichter Schlauch. Wird K\u2011Seal das beheben?<\/h3>\n<p>Nein. K\u2011Seal kann Lecks nur in &#8220;soliden&#8221; Teilen des K\u00fchlsystems beheben, einschlie\u00dflich Zylinderkopf, Kopfdichtung, Motorblock, Kernstecker, K\u00fchler und W\u00e4rmetauscher.<\/p>\n<h3>Bei meinem Auto kommt wei\u00dfer Rauch aus dem Auspuff. Was passiert da?<\/h3>\n<p>Was Sie sehen, ist nicht Rauch, sondern Wasserdampf, der den Auspuff verl\u00e4sst und auf kalte Luft trifft (wie wenn ein Wasserkocher kocht). Der Dampf ist das Ergebnis von &#8220;Wassereintritt&#8221; in den Zylinder (n) aufgrund einer kaputten Kopfdichtung. Das Wasser kocht im Zylinder und wird mit den Abgasen ausgesto\u00dfen. Hinzu kann auch eine reduzierte Motorleistung und Startprobleme kommen. Eventuell auch verunreinigte Z\u00fcndkerzen.<\/p>\n<h3>Meine Windschutzscheibe beschl\u00e4gt immer wieder. Was ist da los?<\/h3>\n<p>Eine Ursache f\u00fcr das beschlagen von Windschutzscheiben ist, wenn es ein Leck im W\u00e4rmetauscher gibt. Der W\u00e4rmetauscher \u00fcbertr\u00e4gt W\u00e4rme aus dem K\u00fchlmittel in warme Luft, den Fahrzeuginnenraum zu heizen.. Wenn es ein K\u00fchlmittel Leck im W\u00e4rmetauscher gibt, dann verunreinigt dies die Luft, die in den Innenraum des Kfz gelangt. Die Feuchtigkeit, die dann an der Windschutzscheibe kondensiert, verursacht das Beschlagen. Sie k\u00f6nnen auch den Geruch von K\u00fchlmittel\/Frostschutzmitteln wahrnehmen und im Extremfall werden Sie Wassertropfen und Feuchtigkeit auf den Fu\u00dfmatten feststellen.<\/p>\n<h3>Ich habe eine cremige Fl\u00fcssigkeit im \u00d6lfilterdeckel. Was k\u00f6nnte das sein?<\/h3>\n<p>Dies deutet darauf hin, dass Wasser (K\u00fchlmittel) durch ein Zylinderkopf Dichtungsproblem in das \u00d6l einflie\u00dft. Das Wasser und das \u00d6l emulgiert und f\u00fchrt zu diesen cremigen Ablagerungen.<\/p>\n<h3>Mein K\u00fchlsystem hat zu hohen Druck und das K\u00fchlmittel wird aus dem Ausgleichsbeh\u00e4lter gedr\u00fcckt. Wie kann K\u2011Seal das beheben?<\/h3>\n<p>K\u2011Seal kann diese Art von Leck beheben, aber Sie m\u00fcssen K\u2011Seal in das K\u00fchlsystem bekommen, ohne dass es sofort durch die Gase, die von den Zylindern kommen, herausgedr\u00fcckt wird. EIN paar L\u00f6sungen sind:<\/p>\n<ol>\n<li>Entfernen Sie einen oberen Schlauch aus dem K\u00fchler und Gie\u00dfen Sie K\u2011Seal direkt in den Schlauch, so dass es unmittelbar in das K\u00fchlsystem gelangt.<\/li>\n<li>Entnehmen Sie etwas K\u00fchlmittel\/Wasser aus dem System , und mischen Sie es mit K\u2011Seal. Gie\u00dfen Sie es dann wieder ins System. Dies hilft, K\u2011Seal direkt im K\u00fchlsystem zu bekommen, in diesem Fall besteht die beste M\u00f6gllichkeit die Schadstelle zu reparieren.<\/li>\n<\/ol>\n<p>Wenn Druck in das K\u00fchlsystem kommt, gibt es fast immer Austritt von einer kleinen Menge K\u00fchlmittel aus dem Riss\/Leck, w\u00e4hrend sich die Kolben innerhalb des Zylinders nach oben und unten bewegen. K\u2011Seal wird in den Riss\/das Leck eingezogen und verschlie\u00dft es, wenn die hei\u00dfen Gase durch den Riss\/das Leck zur\u00fcckgehen.<\/p>\n<h2>Vor der Anwendung von K-Seal<\/h2>\n<h3>Gibt es eine spezielle Vorbereitung, die ich vor der Anwendung von K\u2011Seal machen muss?<\/h3>\n<p>Im Gegensatz zu anderen Dichtungsmitteln ist K\u2011Seal eine einfach anzuwendendes Sofortreparaturmittel. Sch\u00fctteln Sie die Flasche gut und f\u00fcgen Sie dann den gesamten Inhalt in das K\u00fchlsystem ein, wo Sie normalerweise das K\u00fchlmittel\/Wasser auff\u00fcllen w\u00fcrden.<\/p>\n<h2>Anwendung K-Seal<\/h2>\n<h3>Wieviel K-Seal ben\u00f6tigt man?<\/h3>\n<p>Die K-Seal Standardflasche (236ml\/8floz) kann f\u00fcr K\u00fchlsysteme mit einem Inhalt von bis zu 20 Litern (f\u00fcr alle Motorr\u00e4der, Kfz, bis zu leichten Nutzfahrzeugen) angewendet werden. F\u00fcr gr\u00f6\u00dfere K\u00fchlsysteme (LKW, etc.) verwenden Sie unsere gro\u00dfe K-Seal HD Flasche (472ml\/16floz).<\/p>\n<h3>Sollte K-Seal bei kaltem oder warmen Motor eingef\u00fcllt werden?<\/h3>\n<p>K\u2011Seal kann bei einem kalten oder einem hei\u00dfen Motor eingef\u00fcllt werden. Wichtig ist, dass man nach dem Einf\u00fcllen von K-Seal, den Motor bis zur Betriebstemperatur laufen l\u00e4sst, um sicherzustellen, dass das K\u00fchlmittel\/K\u2011Seal durch das komplette Motork\u00fchlsystem l\u00e4uft.<\/p>\n<h3>Soll ich K\u2011Seal ins K\u00fchlmittel\/Wasser oder ins Motor\u00f6l einf\u00fcllen?<\/h3>\n<p>K-Seal muss in den K\u00fchler eingef\u00fcllt werden. Bitte niemals in den Motor\u00f6ltank einf\u00fcllen.<\/p>\n<h3>Muss ich K\u2011Seal im K\u00fchlsystem lassen, nachdem es das Leck versiegelt hat?<\/h3>\n<p>Es ist nicht notwendig, K\u2011Seal im K\u00fchlsystem zu belassen, nachdem das Leck repariert wurde, obwohl es \u00fcberhaupt nicht schadet, wenn Sie es dort im K\u00fchlsystem bleibt. Sobald K\u2011Seal die Schadstelle repariert hat, ist diese Reparatur dauerhaft und das Leck versiegelt, unabh\u00e4ngig davon, ob Sie K-Seal im K\u00fchlsystem belassen oder nicht.<\/p>\n<h2>Nach der Anwendung von K-Seal<\/h2>\n<h3>Wie lange h\u00e4lt die Leckreparatur mit K-Seal?<\/h3>\n<p>Wenn K-Seal das Leck repariert hat, so ist die Reparatur dauerhaft.<\/p>\n<h3>Ich habe K\u2011Seal verwendet, aber es hat das Leck nicht repariert.<\/h3>\n<p>Leider gibt es einige Probleme, die K-Seal nicht l\u00f6sen kann bzw. Lecks\/Risse zu versiegeln.Wenn das der Fall sein sollte (kommt sehr selten vor), nehmen Sie bitte Kontakt mit uns auf. Wir k\u00f6nnen dem Problem annehmen.<\/p>\n<h3>Wenn ich K\u2011Seal benutze, um ein Leck in der Zylinderkopfdichtung zu beheben, werde ich in Zukunft irgendwelche Probleme haben, wenn ich sp\u00e4ter die Kopfdichtung auswechseln will?<\/h3>\n<p>K\u2011Seal repariert ein Leck in der Zylinderkopfdichtung, indem der Riss mit keramischen Mikrofasern gef\u00fcllt wird. Diese verbinden sich und reparieren die Schadstelle dauerhaft. Wenn Sie sich entscheiden, die Kopfdichtung zu einem sp\u00e4teren Zeitpunkt zu ersetzen, wird die alte Dichtung mit der K\u2011Seal-Reparatur entfernt. Es gibt keinerlei Probleme.<\/p>\n<h2>Allgemeines<\/h2>\n<h3>Bei welchen Motoren kann K-Seal eingesetzt werden?<\/h3>\n<p>K\u2011Seal ist f\u00fcr alle wassergek\u00fchlten Motoren geeignet, unabh\u00e4ngig von Gr\u00f6\u00dfe des Motors oder der Kraftstoffart (Diesel\/Benzin).<\/p>\n<h3>Was ist der Unterschied zwischen K\u00fchlmittel und Frostschutzmittel?<\/h3>\n<p>K\u00fchlmittel und Frostschutzmittel sind nur verschiedene Namen f\u00fcr den gleichen Zusatzstoff. K\u00fchlsysteme (im Winter) enthalten Zusatzstoffe, die nicht nur das Einfrieren des Wassers im System verhindern, sondern auch bei hei\u00dfem Wetter den K\u00fchlvorgang unterst\u00fctzen. Au\u00dferdem helfen die Additive, Korrosion zu verhindern und auch das K\u00fchlsystem zu schmieren.<\/p>\n<h3>Kann K-Seal mit Glysantin oder Frostschutzmittel gemischt werden?<\/h3>\n<p>Ja. K\u2011Seal ist problemlos mischbar mit Glysantin und allen anderen Typen und Marken von Frostschutzmitteln\/K\u00fchlmitteln. Im Gegensatz zu vielen anderen Produkten ist es nicht notwendig, das K\u00fchlsystem zu entw\u00e4ssern oder zu sp\u00fclen, bevor K\u2011Seal hinzugef\u00fcgt wird. Einfach sch\u00fctteln, eingie\u00dfen und fertig!<\/p>\n<h3>Ist K-Seal mischbar mit EVANS wasserlosem K\u00fchlmittel?<\/h3>\n<p>Ja. K\u2011Seal ist mit Evans kompatibel, solange die Dosierung nicht mehr als 5% Wasser innerhalb des K\u00fchlsystems \u00fcberschreitet. In einem Familienfahrzeug sollte eine kleine Flasche K-Seal verwendet werden.<\/p>\n<h3>Ist K-Seal mischbar mit allen Arten und Marken von K\u00fchlmitteln?<\/h3>\n<p>Ja. K\u2011Seal reagiert nicht mit K\u00fchlmitteln oder anderen Zusatzstoffen\/Additiven, die bereits im System vorhanden sein k\u00f6nnten.<\/p>\n<h3>Kann K\u2011Seal in einer Warmwasser-Zentralheizung eingesetzt werden?<\/h3>\n<p>Die kurze Antwort lautet ja. Eine wasserbasierte Heizungsanlage \u00e4hnelt einer Kfz-K\u00fchlung. Es zirkuliert eine warme Fl\u00fcssigkeit, die in einem geschlossenen System ist. Der Effekt ist, W\u00e4rme \u00fcber in die Umgebung durch Strahlung abzugeben. Wenn es ein Leck im System gibt, beeintr\u00e4chtigt dies die Funktion des Systems und kann zu langfristigen Sch\u00e4den f\u00fchren. Das hinzuf\u00fcgen von K\u2011Seal in die Zentralheizung kann helfen, Lecks bis zu 0,6 mm Gr\u00f6\u00dfe zu reparieren, ohne dass das System entw\u00e4ssert werden muss. F\u00fcllen Sie einfach K\u2011Seal in die Heizungsanlage ein, wo Sie normalerweise das Wasser einf\u00fcllen w\u00fcrden. K\u2011Seal wird dem System keinen Schaden zuf\u00fcgen und die Pumpe nicht besch\u00e4digen. Wenn das System mit einem Filter ausgestattet ist, dann sollte dies umgangen werden, bevor K\u2011Seal hinzugef\u00fcgt wird. K\u2011Seal erf\u00fcllt ASTM D-3147.<\/p>\n<h3>Besch\u00e4digt K-Seal irgendein Bauteil im K\u00fchlsystem?<\/h3>\n<p>K\u2011Seal kann das K\u00fchlsystem nicht besch\u00e4digen und ist sicher mit allen Arten von wassergek\u00fchlten Motor zu anzuwenden.<\/p>\n<h3>Ist K-Seal f\u00fcr den Einsatz in Aluminium K\u00fchlern geeignet?<\/h3>\n<p>Ja. K\u2011Seal eignet sich f\u00fcr den Einsatz in Aluk\u00fchlern und allen anderen Materialien. Es werden sogar Lecks in Hartplastik-K\u00fchler-Geh\u00e4usen repariert.<\/p>\n<h3>Kann K-Seal vorbeugend eingesetzt werden?<\/h3>\n<p>Es ist m\u00f6glich, K\u2011Seal dem K\u00fchlsystem preventiv hinzuzuf\u00fcgen, auch wenn es kein Leck gibt. Die Wirksamkeit von K\u2011Seal reduziert sich jedoch im Laufe der Zeit. Aufgrund der unterschiedlichen Bedingungen in verschiedenen K\u00fchlsystemen ist es nicht m\u00f6glich, genau zu bestimmen, wie lange K\u2011Seal im System wirksam bleibt.<\/p>\n","protected":false},"excerpt":{"rendered":"<p>Ursachen Bei mir l\u00e4uft K\u00fchlmittel aus ins Motor\u00f6l. Kann K-Seal dieses Problem l\u00f6sen? Damit K\u2011Seal effektiv arbeiten kann, muss unter einem gewissen Druck arbeiten. Dies kann extern oder intern (\u00fcber den Kopf zu den Zylindern) erfolgen. Es besteht eine geringe Chance, eine erfolgreiche Reparatur mit K\u2011Seal machen. Falls nicht, raten wir eine Werkstatt aufzusuchen. Motor\u00f6l<\/p>\n","protected":false},"author":3,"featured_media":0,"parent":0,"menu_order":0,"comment_status":"closed","ping_status":"closed","template":"","meta":{"footnotes":""},"acf":[],"_links":{"self":[{"href":"https:\/\/www.kseal.com\/de\/wp-json\/wp\/v2\/pages\/8681"}],"collection":[{"href":"https:\/\/www.kseal.com\/de\/wp-json\/wp\/v2\/pages"}],"about":[{"href":"https:\/\/www.kseal.com\/de\/wp-json\/wp\/v2\/types\/page"}],"author":[{"embeddable":true,"href":"https:\/\/www.kseal.com\/de\/wp-json\/wp\/v2\/users\/3"}],"replies":[{"embeddable":true,"href":"https:\/\/www.kseal.com\/de\/wp-json\/wp\/v2\/comments?post=8681"}],"version-history":[{"count":3,"href":"https:\/\/www.kseal.com\/de\/wp-json\/wp\/v2\/pages\/8681\/revisions"}],"predecessor-version":[{"id":8944,"href":"https:\/\/www.kseal.com\/de\/wp-json\/wp\/v2\/pages\/8681\/revisions\/8944"}],"wp:attachment":[{"href":"https:\/\/www.kseal.com\/de\/wp-json\/wp\/v2\/media?parent=8681"}],"curies":[{"name":"wp","href":"https:\/\/api.w.org\/{rel}","templated":true}]}}